{"id":731,"date":"2025-02-21T14:04:35","date_gmt":"2025-02-21T14:04:35","guid":{"rendered":"https:\/\/ibsdebtrecovery.ro\/?page_id=731"},"modified":"2025-02-21T14:05:38","modified_gmt":"2025-02-21T14:05:38","slug":"terms-and-conditions","status":"publish","type":"page","link":"https:\/\/ibsdebtrecovery.ro\/ro\/terms-and-conditions\/","title":{"rendered":"Termeni \u0219i condi\u021bii"},"content":{"rendered":"<div data-elementor-type=\"wp-page\" data-elementor-id=\"731\" class=\"elementor elementor-731\">\n\t\t\t\t\t\t<section class=\"elementor-section elementor-top-section elementor-element elementor-element-af28619 elementor-section-height-min-height elementor-section-boxed elementor-section-height-default elementor-section-items-middle e-parent\" data-id=\"af28619\" data-element_type=\"section\" data-settings=\"{&quot;background_background&quot;:&quot;classic&quot;}\">\n\t\t\t\t\t\t\t<div class=\"elementor-background-overlay\"><\/div>\n\t\t\t\t\t\t\t<div class=\"elementor-container elementor-column-gap-default\">\n\t\t\t\t\t<div class=\"elementor-column elementor-col-50 elementor-top-column elementor-element elementor-element-b90a1c4 lakit-col-width-auto-no\" data-id=\"b90a1c4\" data-element_type=\"column\">\n\t\t\t<div class=\"elementor-widget-wrap elementor-element-populated\">\n\t\t\t\t\t\t<div class=\"elementor-element elementor-element-287c1a6 elementor-invisible elementor-widget elementor-widget-heading\" data-id=\"287c1a6\" data-element_type=\"widget\" data-settings=\"{&quot;_animation&quot;:&quot;fadeInRight&quot;,&quot;_animation_delay&quot;:&quot;200&quot;}\" data-widget_type=\"heading.default\">\n\t\t\t\t<div class=\"elementor-widget-container\">\n\t\t\t\t\t<h1 class=\"elementor-heading-title elementor-size-default\">Termeni \u0219i condi\u021bii<\/h1>\t\t\t\t<\/div>\n\t\t\t\t<\/div>\n\t\t\t\t\t<\/div>\n\t\t<\/div>\n\t\t\t\t<div class=\"elementor-column elementor-col-50 elementor-top-column elementor-element elementor-element-f7c2c5d lakit-col-width-auto-no\" data-id=\"f7c2c5d\" data-element_type=\"column\">\n\t\t\t<div class=\"elementor-widget-wrap\">\n\t\t\t\t\t\t\t<\/div>\n\t\t<\/div>\n\t\t\t\t\t<\/div>\n\t\t<\/section>\n\t\t\t\t<section class=\"elementor-section elementor-top-section elementor-element elementor-element-c7ae99b elementor-section-boxed elementor-section-height-default elementor-section-height-default e-parent\" data-id=\"c7ae99b\" data-element_type=\"section\">\n\t\t\t\t\t\t<div class=\"elementor-container elementor-column-gap-default\">\n\t\t\t\t\t<div class=\"elementor-column elementor-col-100 elementor-top-column elementor-element elementor-element-f8cccd6 lakit-col-width-auto-no\" data-id=\"f8cccd6\" data-element_type=\"column\">\n\t\t\t<div class=\"elementor-widget-wrap elementor-element-populated\">\n\t\t\t\t\t\t<div class=\"elementor-element elementor-element-063615a elementor-widget elementor-widget-text-editor\" data-id=\"063615a\" data-element_type=\"widget\" data-widget_type=\"text-editor.default\">\n\t\t\t\t<div class=\"elementor-widget-container\">\n\t\t\t\t\t\t\t\t\t<p><\/p><p><strong>Termeni si conditii de utilizare<\/strong><\/p><p> <\/p><p><strong>(Policy on personal data processing)<\/strong><\/p><p> <\/p><p>Societatea IBS CREDIT MANAGEMENT SRL cunoa\u0219te importan\u021ba datelor dvs. \u0219i se angajeaz\u0103 s\u0103 protejeze confiden\u021bialitatea \u0219i securitatea acestora. De aceea, este important pentru noi s\u0103 v\u0103 furniz\u0103m \u00eentr-o manier\u0103 integrat\u0103 \u0219i practic\u0103 informa\u021biile legate de prelucrarea datelor dvs. cu caracter personal \u00een calitate de persoane vizate (utilizatori ai website-ului\u00a0 <a href=\"http:\/\/www.searchads.ro\/\">www.ibsdebtrecovery.ro<\/a> clien\u021bi, poten\u021biali clien\u021bi, consumatori, poten\u021biali consumatori) \u00een cadrul prezentei Politici de prelucrare a datelor cu caracter personal, aplicabile pentru scopurile prevazute mai jos.<\/p><p> <\/p><p>Aceast\u0103 Politic\u0103 are aplicabilitate asupra tuturor dispozitivelor utilizate \u00een scopul acces\u0103rii website-ului <a href=\"http:\/\/www.searchads.ro\/\">www.ibsdebtrecovery.ro<\/a> dispozitive de tip smartphone, tablet\u0103, etc. \u00cen cazul \u00een care nu sunte\u021bi de acord cu termenii \u0219i condi\u021biile legate de utilizarea acestora (expuse \u00een acest document din punct de vedere al protec\u021biei datelor cu caracter personal, dar \u0219i \u00een documentele Politica de utilizare Cookie, \u00a0Politica de Confiden\u021bialitate, din punct de vedere al informa\u021biilor confiden\u021biale, drepturi de autor, etc.), v\u0103 rug\u0103m s\u0103 nu utiliza\u021bi site-ul <a href=\"http:\/\/www.searchads.ro\/\">www.ibsdebtrecovery.ro<\/a> website.<\/p><p> <\/p><p>Conform prevederilor Regulamentului UE 2016\/679 pentru protec\u021bia persoanelor cu privire la prelucrarea datelor cu caracter personal \u0219i libera circula\u021bie a acestor date (Regulamentul General privind Protectia Datelor), societatea IBS CREDIT MANAGEMENT SRL administreaz\u0103 \u00een condi\u021bii de siguran\u021b\u0103 \u0219i numai pentru scopurile specificate, datele cu caracter personal pe care ni le furniza\u021bi despre dumneavoastr\u0103, \u00een contextul vizit\u0103rii site-ului nostru \u0219i achizi\u021bion\u0103rii serviciilor societatii IBS CREDIT MANAGEMENT SRL.<\/p><p> <\/p><p>Prin bifarea faptului c\u0103 sunte\u021bi de acord cu Politica de utilizare Cookie,\u00a0Politica de Confiden\u021bialitate \u0219i Politica de prelucrare a datelor cu caracter pesonal sau, dup\u0103 caz, prin continuarea utiliz\u0103rii site-ului \u0219i serviciilor noastre ulterior parcurgerii acestei Politici, declarati expres si neechivoc faptul ca acceptati ca datele cu caracter personal ce va privesc sa fie prelucrate de societatea IBS CREDIT MANAGEMENT SRL.<\/p><p> <\/p><p><strong>Scopurile pentru care colect\u0103m \u0219i prelucr\u0103m datele dvs. cu caracter personal\u00a0<\/strong><\/p><p> <\/p><p>Societatea IBS CREDIT MANAGEMENT SRL colecteaz\u0103 \u0219i prelucreaz\u0103 datele dvs. cu caracter personal pentru urm\u0103toarele scopuri:<\/p><p> <\/p><ol class=\"wp-block-list\"><li>Administrarea, \u00eembunatatirea \u0219i realizarea serviciilor furnizate de site-ul <a href=\"http:\/\/www.playtech.ro\/\">www.ibsdebtrecovery.ro<\/a> website;<\/li> <li>Activit\u0103\u021bi comerciale de v\u00e2nz\u0103ri servicii, cuprinz\u00e2nd realizare, administrare \u0219i dezvoltare v\u00e2nz\u0103ri de produse pe website-ul \u00a0<a href=\"http:\/\/www.searchads.ro\/\">www.ibsdebtrecovery.ro<\/a> administrarea conturilor clien\u021bilor, cercetare\/studii de pia\u021b\u0103, statistic\u0103;<\/li> <li>Activit\u0103\u021bi de post-v\u00e2nz\u0103ri, cuprinz\u00e2nd servicii de rela\u021bii cu clien\u021bii, informarea utilizatorilor\/clien\u021bilor privind evaluarea serviciilor oferite (inclusiv evaluarea serviciilor pe website-ul\u00a0www.ibsdebtrecovery.ro),<\/li> <li>\u00eembun\u0103t\u0103\u021birea calit\u0103\u021bii serviciilor prin activitatea desf\u0103\u0219urat\u0103 \u00een cadrul societatii <a href=\"http:\/\/www.playtech.ro\/\">www.ibsdebtrecovery.ro<\/a> website),\u00a0improvement of service quality through activities developed within the company.<\/li> <li>\u00cen scop probatoriu \u00een leg\u0103tura cu activit\u0103\u021bile de mai sus \u0219i de arhivare.<\/li><\/ol><p> <\/p><p><strong>Categoriile de date cu caracter personal pe care le prelucr\u0103m\u00a0<\/strong><\/p><p> <\/p><p>Pentru realizarea scopurilor de mai sus, prelucr\u0103m urm\u0103toarele categorii de date cu caracter personal:<\/p><p> <\/p><ol class=\"wp-block-list\"><li><em>Pentru administrarea, \u00eembun\u0103t\u0103\u021birea \u0219i realizarea serviciilor furnizate de site-ul\u00a0 <\/em><a href=\"http:\/\/www.playtech.ro\/\">www.ibsdebtrecovery.ro<\/a> nume, prenume, telefon, adresa e-mail, societate, informa\u021bii tehnice cu privire la dispozitivul vizitatorului \u2013 loca\u021bia acestuia, adresa IP, tipul de echipament hardware, informa\u021bii \u00een leg\u0103tura cu intervalul orar, precum \u0219i data la care a fost folosit website-ul <a href=\"http:\/\/www.playtech.ro\/\">www.ibsdebtrecovery.ro<\/a> alte informa\u021bii care rezult\u0103 din folosirea aplica\u021biilor de tip Cookies;<\/li><\/ol><p> <\/p><p><em>Pentru mai multe informa\u021bii legate de cookie-uri, v\u0103 rug\u0103m consulta\u021bi\u00a0Politica privind utilizarea cookie-urilor\u00a0disponibil\u0103 \u00een website.<\/em><\/p><p> <\/p><ol class=\"wp-block-list\"><li><em>Pentru activit\u0103\u021bi comerciale de v\u00e2nz\u0103ri de servicii, cuprinz\u00e2nd realizare, administrare si prestare servicii, pe website-ul <\/em><a href=\"http:\/\/www.playtech.ro\/\">www.ibsdebtrecovery.ro<\/a> administrarea conturilor clien\u021bilor, cercetare\/studii de pia\u021b\u0103, statistic\u0103: nume, prenume, telefon, adresa e-mail, adresa de corespondenta, dupa caz.<\/li> <li><em>Pentru activit\u0103\u021bi de comunicare\/feedback, cuprinz\u00e2nd servicii de rela\u021bii cu clien\u021bii,\u00a0<\/em>oferite de\u00a0Societatea IBS CREDIT MANAGEMENT SRL<em>\u00a0\u00eembun\u0103t\u0103\u021birea calit\u0103\u021bii serviciilor prestate- nume, prenume, telefon, e-mail, societate\/loc munca, alte date care rezult\u0103 din evaluarea produselor de c\u0103tre clien\u021bi;\u00a0<\/em>\u2013 surname and name, phone number, e-mail, company \/ job<em>.<\/em><\/li> <li><em>Pentru activit\u0103\u021bi de comunicare\/feedback, cuprinz\u00e2nd servicii de rela\u021bii cu clien\u021bii, informarea utilizatorilor\/ clien\u021bilor privind evaluarea produselor oferite de <\/em>IBS CREDIT MANAGEMENT SRL,\u00a0<em>\u00eembun\u0103t\u0103\u021birea calit\u0103\u021bii serviciilor prestate-<\/em>nume, prenume, telefon, e-mail, societate\/loc munca, alte date care rezult\u0103 din evaluarea produselor de c\u0103tre clien\u021bi;\u00a0<em>\u2013 in addition,\u00a0<\/em>IBS CREDIT MANAGEMENT SRL\u00a0<em>processes data related to: personal number, series and number of ID document, only for the cases when prize contests are held.<\/em><\/li> <li><em>\u00cen scop probatoriu \u00een leg\u0103tura cu activit\u0103\u021bile de mai sus \u0219i de arhivare:\u00a0<\/em>stocarea de date cu caracter personal men\u021bionate la scopurile de mai sus \u00een vederea men\u021binerii eviden\u021belor legate de activit\u0103\u021bile desf\u0103\u0219urate, pentru protejarea drepturilor \u00een justi\u021bie \u0219i exercitarea altor drepturi conform legii \u0219i contractelor \u00eencheiate, \u00eendeplinirea eventualelor cerin\u021be de arhivare, \u00een acord cu dispozi\u021biile legale.<br \/>Datele cu caracter personal care beneficiaz\u0103 de un regim special de protec\u021bie cum ar fi codul numeric personal, seria \u0219i num\u0103rul actului de identitate, vor fi colectate \u0219i prelucrate \u00een condi\u021bii limitative \u0219i \u00een concordan\u021b\u0103 cu dispozi\u021biile legale pentru asigurarea respect\u0103rii regulilor aplicabile \u00een domeniul protec\u021biei datelor cu privire la acestea.\u00a0Furnizarea datelor cu caracter personal este necesar\u0103 pentru ca societatea IBS CREDIT MANAGEMENT SRL s\u0103 realizeze activit\u0103\u021bile listate conform celor de mai sus. Un refuz din partea dvs. de a ne furniza aceste date ar putea atrage imposibilitatea din partea societatii IBS CREDIT MANAGEMENT SRL de a v\u0103 furniza respectivele servicii, informa\u021bii, de a r\u0103spunde solicit\u0103rilor dvs. sau de a realiza orice alte activit\u0103\u021bi din cele listate mai sus.<\/li><\/ol><p> <\/p><p><strong>Cui dezv\u0103luim datele dvs. cu caracter personal<\/strong><\/p><p> <\/p><p>\u00cen vederea realiz\u0103rii unuia sau mai multor scopuri din cele men\u021bionate mai sus, societatea IBS CREDIT MANAGEMENT SRL poate dezv\u0103lui datele dumneavoastr\u0103 cu caracter personal urm\u0103toarelor categorii de destinatari:<\/p><p> <\/p><ol class=\"wp-block-list\"><li>partenerilor contractuali ai societatii IBS CREDIT MANAGEMENT SRL (cum este cazul companiilor cu care societatea IBS CREDIT MANAGEMENT SRL se afl\u0103 \u00een rela\u021bii de parteneriat, dar numai \u00een temeiul unui angajament de confiden\u021bialitate din partea acestora, prin care garanteaz\u0103 c\u0103 aceste date sunt p\u0103strate \u00een siguran\u021b\u0103 \u0219i c\u0103 furnizarea acestor informa\u021bii personale se face conform legisla\u021biei \u00een vigoare),<\/li> <li>furnizori de servicii (de marketing, servicii de plat\u0103 \/ bancare sau alte servicii), inclusiv entit\u0103\u021bi care asist\u0103 societatea IBS CREDIT MANAGEMENT SRL \u00een prelucrarea de date \u00een calitate de \u00eemputernici\u021bi, asiguratori, autorit\u0103\u021bi publice (Autoritatea Nationala de Supraveghere, Parchet, Poli\u021bie, instan\u021bele judec\u0103tore\u0219ti \u0219i altor organe abilitate ale statului), \u00een baza \u0219i \u00een limitele prevederilor legale \u0219i ca urmare a unor cereri expres formulate, altor companii din acela\u0219i segment cu societatea RPD \u2013 RESPONSABIL PROTECTIE DATE SRL, precum \u0219i dvs. ca persoan\u0103 vizat\u0103 \u00een contextul exercit\u0103rii dreptului dvs. de acces.<\/li><\/ol><p> <\/p><p><strong>Datele \u00eenregistrate de\u00a0societatea IBS CREDIT MANAGEMENT SRL nu se v\u00e2nd c\u0103tre ter\u021bi \u0219i sunt folosite doar \u00een scopul \u00eembun\u0103t\u0103\u021birii serviciilor societatii.\u00a0<\/strong><\/p><p> <\/p><p><strong>Prin citirea prezen\u021bei Politici, a\u021bi luat la cuno\u0219tin\u021b\u0103 de faptul c\u0103 v\u0103 sunt garantate drepturile prev\u0103zute de lege, respectiv:<\/strong><\/p><p> <\/p><ul class=\"wp-block-list\"><li>de a fi informa\u021bi cu privire la prelucrarea datelor dvs. cu caracter personal;<\/li> <li>de acces la datele dvs. cu caracter personal si posibilitatea de a consulta registrul de eviden\u0163\u0103 a prelucr\u0103rilor de date cu caracter personal, prev\u0103zut la art. 24 din Legea nr.677\/2001;<\/li> <li>de interven\u021bie asupra datelor dvs. cu caracter personal;<\/li> <li>de a nu fi supus unei decizii individuale cu caracter automat<\/li> <li>\u00a0de a v\u0103 opune prelucr\u0103rii datelor personale care v\u0103 privesc \u0219i s\u0103 solicita\u021bi rectificarea, actualizarea ori \u0219tergerea datelor \u00een condi\u021biile legii, \u00een cazul datelor cu caracter personal prelucrate pentru scopuri de marketing direct, acest drept poate fi exercitat oric\u00e2nd, \u00een mod gratuit \u0219i f\u0103r\u0103 justificare;<\/li><\/ul><p> <\/p><p>V\u0103 pute\u021bi exercita aceste drepturi trimi\u021b\u00e2nd un e-mail c\u0103tre societatea IBS CREDIT MANAGEMENT SRL la adresa de e-mail <strong>office@ibsprofessional.ro<\/strong><\/p><p> <\/p><ul class=\"wp-block-list\"><li>de a formula o plangere la ANSPDCP;<\/li> <li>de a v\u0103 adresa justi\u021biei \u00een cazul \u00een care apreciati ca ar exista \u00eenc\u0103lc\u0103ri ale legisla\u021biei \u00een materie.<\/li><\/ul><p> <\/p><p>Pute\u021bi s\u0103 v\u0103 opune\u021bi oric\u00e2nd \u0219i f\u0103r\u0103 justificare, prelucr\u0103rii datelor dumneavoastr\u0103 cu caracter personal \u00een scop de marketing direct, prin trasmiterea c\u0103tre societatea IBS CREDIT MANAGEMENT SRL (prin accesarea formularului de contact din site-ul publica\u021biei sau la adresa de e-mail:\u00a0\u00a0<strong>office@ibsprofessional.ro<\/strong>a unei solicit\u0103ri scrise, datate \u0219i semnate \u00een acest sens. \u00cen acest caz, solicitarea dumnevoastra va fi \u00eenaintat\u0103 c\u0103tre persoanele competente din societatea IBS CREDIT MANAGEMENT SRL; este posibil s\u0103 primi\u021bi un mesaj prin care se confirm\u0103 c\u0103 op\u021biunea dumneavoastr\u0103 a fost notat\u0103, precum \u0219i orice alte informa\u021bii necesare, dup\u0103 caz.<\/p><p> <\/p><p><strong>Durata prelucr\u0103rii datelor<\/strong><\/p><p> <\/p><p>Va fi determinat\u0103 \u00een general de momentul exercit\u0103rii dreptului dumneavoastr\u0103 la opozi\u021bie, \u00een conditiile art. 21 din RGPD. Excep\u021bie: Pentru datele declarate \u00een cadrul serviciului formular cerere, durata prelucr\u0103rii datelor este de 2 ani, ca regul\u0103, sau p\u00e2n\u0103 la exercitarea dreptului de opozi\u021bie. De asemenea, societatea IBS CREDIT MANAGEMENT SRL poate stoca datele cu caracter personal pe o astfel de durat\u0103 mai \u00eendelungat\u0103, \u00een scop probatoriu \u0219i de arhivare.<\/p><p> <\/p><p>Totodat\u0103, stocarea datelor personale pentru o perioad\u0103 mai \u00eendelungat\u0103 de timp se poate realiza pentru realizarea de statistici, \u00eembun\u0103t\u0103\u021birea serviciilor, administrarea conturilor clien\u021bilor, cercetare\/studii de pia\u021b\u0103.<\/p><p> <\/p><p><strong>Alte informa\u021bii<\/strong><\/p><p> <\/p><p>V\u0103 rug\u0103m s\u0103 verifica\u021bi la fiecare utilizare a website-ului nostru prezenta\u00a0<em>Politic\u0103 de prelucrare a datelor cu caracter personal\u00a0<\/em>\u00a0pentru a fi tot timpul informa\u021bi \u00een leg\u0103tura cu aceasta.<\/p><p> <\/p><p>La \u00eencheierea opera\u021biunilor de prelucrare, datele \u00eenregistrate pot fi transferate, integral ori par\u021bial, oric\u0103rei alte persoane juridice cu respectarea legisla\u021biei speciale \u00een vigoare, \u00een condi\u021biile \u00een care acestea vor fi folosite \u00een scopuri similare cu cele prev\u0103zute \u00een acest document.<\/p><p> <\/p><p>Pentru inregistrarea eronat\u0103 a datelor personale cauzat\u0103 de softul de indexare a datelor, societatea IBS CREDIT MANAGEMENT SRL nu \u00ee\u0219i asum\u0103 nicio responsabilitate.\u00a0\u00a0\u00a0<\/p><p><\/p>\t\t\t\t\t\t\t\t<\/div>\n\t\t\t\t<\/div>\n\t\t\t\t\t<\/div>\n\t\t<\/div>\n\t\t\t\t\t<\/div>\n\t\t<\/section>\n\t\t\t\t<\/div>","protected":false},"excerpt":{"rendered":"<p>Terms and conditions Terms and conditions of use (Policy on personal data processing) IBS CREDIT MANAGEMENT SRL is aware of the importance of your personal data, and therefore it is committed to protect the privacy and security thereof. This is why, it is of great importance for us to provide to you, in an integrated [&hellip;]<\/p>","protected":false},"author":1,"featured_media":0,"parent":0,"menu_order":0,"comment_status":"closed","ping_status":"closed","template":"","meta":{"_acf_changed":false,"footnotes":""},"class_list":["post-731","page","type-page","status-publish","hentry"],"acf":[],"_links":{"self":[{"href":"https:\/\/ibsdebtrecovery.ro\/ro\/wp-json\/wp\/v2\/pages\/731","targetHints":{"allow":["GET"]}}],"collection":[{"href":"https:\/\/ibsdebtrecovery.ro\/ro\/wp-json\/wp\/v2\/pages"}],"about":[{"href":"https:\/\/ibsdebtrecovery.ro\/ro\/wp-json\/wp\/v2\/types\/page"}],"author":[{"embeddable":true,"href":"https:\/\/ibsdebtrecovery.ro\/ro\/wp-json\/wp\/v2\/users\/1"}],"replies":[{"embeddable":true,"href":"https:\/\/ibsdebtrecovery.ro\/ro\/wp-json\/wp\/v2\/comments?post=731"}],"version-history":[{"count":5,"href":"https:\/\/ibsdebtrecovery.ro\/ro\/wp-json\/wp\/v2\/pages\/731\/revisions"}],"predecessor-version":[{"id":736,"href":"https:\/\/ibsdebtrecovery.ro\/ro\/wp-json\/wp\/v2\/pages\/731\/revisions\/736"}],"wp:attachment":[{"href":"https:\/\/ibsdebtrecovery.ro\/ro\/wp-json\/wp\/v2\/media?parent=731"}],"curies":[{"name":"wp","href":"https:\/\/api.w.org\/{rel}","templated":true}]}}