{"id":744,"date":"2025-02-21T14:11:07","date_gmt":"2025-02-21T14:11:07","guid":{"rendered":"https:\/\/ibsdebtrecovery.ro\/?page_id=744"},"modified":"2025-02-21T14:11:48","modified_gmt":"2025-02-21T14:11:48","slug":"privacy-policy-2","status":"publish","type":"page","link":"https:\/\/ibsdebtrecovery.ro\/ro\/privacy-policy-2\/","title":{"rendered":"Politica de confiden\u021bialitate"},"content":{"rendered":"<div data-elementor-type=\"wp-page\" data-elementor-id=\"744\" class=\"elementor elementor-744\">\n\t\t\t\t\t\t<section class=\"elementor-section elementor-top-section elementor-element elementor-element-af28619 elementor-section-height-min-height elementor-section-boxed elementor-section-height-default elementor-section-items-middle e-parent\" data-id=\"af28619\" data-element_type=\"section\" data-settings=\"{&quot;background_background&quot;:&quot;classic&quot;}\">\n\t\t\t\t\t\t\t<div class=\"elementor-background-overlay\"><\/div>\n\t\t\t\t\t\t\t<div class=\"elementor-container elementor-column-gap-default\">\n\t\t\t\t\t<div class=\"elementor-column elementor-col-50 elementor-top-column elementor-element elementor-element-b90a1c4 lakit-col-width-auto-no\" data-id=\"b90a1c4\" data-element_type=\"column\">\n\t\t\t<div class=\"elementor-widget-wrap elementor-element-populated\">\n\t\t\t\t\t\t<div class=\"elementor-element elementor-element-287c1a6 elementor-invisible elementor-widget elementor-widget-heading\" data-id=\"287c1a6\" data-element_type=\"widget\" data-settings=\"{&quot;_animation&quot;:&quot;fadeInRight&quot;,&quot;_animation_delay&quot;:&quot;200&quot;}\" data-widget_type=\"heading.default\">\n\t\t\t\t<div class=\"elementor-widget-container\">\n\t\t\t\t\t<h1 class=\"elementor-heading-title elementor-size-default\">Politica de confiden\u021bialitate<\/h1>\t\t\t\t<\/div>\n\t\t\t\t<\/div>\n\t\t\t\t\t<\/div>\n\t\t<\/div>\n\t\t\t\t<div class=\"elementor-column elementor-col-50 elementor-top-column elementor-element elementor-element-f7c2c5d lakit-col-width-auto-no\" data-id=\"f7c2c5d\" data-element_type=\"column\">\n\t\t\t<div class=\"elementor-widget-wrap\">\n\t\t\t\t\t\t\t<\/div>\n\t\t<\/div>\n\t\t\t\t\t<\/div>\n\t\t<\/section>\n\t\t\t\t<section class=\"elementor-section elementor-top-section elementor-element elementor-element-c7ae99b elementor-section-boxed elementor-section-height-default elementor-section-height-default e-parent\" data-id=\"c7ae99b\" data-element_type=\"section\">\n\t\t\t\t\t\t<div class=\"elementor-container elementor-column-gap-default\">\n\t\t\t\t\t<div class=\"elementor-column elementor-col-100 elementor-top-column elementor-element elementor-element-f8cccd6 lakit-col-width-auto-no\" data-id=\"f8cccd6\" data-element_type=\"column\">\n\t\t\t<div class=\"elementor-widget-wrap elementor-element-populated\">\n\t\t\t\t\t\t<div class=\"elementor-element elementor-element-063615a elementor-widget elementor-widget-text-editor\" data-id=\"063615a\" data-element_type=\"widget\" data-widget_type=\"text-editor.default\">\n\t\t\t\t<div class=\"elementor-widget-container\">\n\t\t\t\t\t\t\t\t\t<p class=\"p1\"><b>Introducere<\/b><\/p>\n<p class=\"p1\">Societatea IBS CREDIT MANAGEMENT SRL, cu sediul in Bucuresti, Str. Banu Antonache, nr. 40-44, et. 1, sector 1,<span class=\"s1\"><sup>st<\/sup><\/span> inregistrata la Registrul Comertului sub nr. J40\/1764\/2024, CUI RO 49492658, func\u021bioneaz\u0103 \u00een conformitate cu legile din Rom\u00e2nia, respect\u0103 confiden\u021bialitatea datelor personale furnizate de persoanele vizate \u0219i se angajeaz\u0103 s\u0103 o protejeze prin respectarea prezentei Politici de confiden\u021bialitate.<\/p>\n<p class=\"p1\">Societatea este operator \u00een ceea ce prive\u0219te prelucrarea datelor dumneavoastr\u0103 cu caracter personal, \u00een sensul Regulamentului UE 2016\/679 pentru protec\u021bia persoanelor cu privire la prelucrarea datelor cu caracter personal \u0219i libera circula\u021bie a acestor date (Regulamentul General privind Protectia Datelor).<\/p>\n<p class=\"p1\">Prezenta Politic\u0103 de confiden\u021bialitate descrie informa\u021biile cu caracter personal pe care le colect\u0103m de la dumneavoastr\u0103 sau pe care le furniza\u021bi <a href=\"https:\/\/ibsdebtrecovery.ro\/ro\/\"><span class=\"s2\">www.ibsdebtrecovery.ro<\/span><\/a> (our \u201c<b>Website<\/b>\") \u0219i modul \u00een care aceste informa\u021bii pot fi utilizate sau divulgate de noi.<\/p>\n<p class=\"p1\">Politica noastr\u0103 de confiden\u021bialitate nu se aplic\u0103 informa\u021biilor colectate de pe orice site ter\u021b care poate avea un link c\u0103tre sau este accesibil de pe Site-ul nostru.<\/p>\n<p class=\"p2\">V\u0103 rug\u0103m s\u0103 citi\u021bi cu aten\u021bie urmatoarele aspecte pentru a \u00een\u021belege politicile \u0219i practicile noastre cu privire la informa\u021biile dumneavoastr\u0103 cu caracter personal \u0219i modul \u00een care le vom trata.<\/p>\n<p class=\"p1\"><b>Informa\u021biile pe care le colect\u0103m despre dumneavoastr\u0103<\/b><\/p>\n<p class=\"p1\">Colect\u0103m mai multe tipuri de informa\u021bii de la \u0219i despre utilizatorii Site-ului nostru, inclusiv, de exemplu:<\/p>\n<ul class=\"ul1\">\n<li class=\"li3\">informa\u021bii pe care le colect\u0103m c\u00e2nd naviga\u021bi pe Site-ul nostru, inclusiv adrese IP, cookie-uri \u0219i web beacon-uri;<\/li>\n<li class=\"li2\">nume \u0219i prenume, detalii de contact, date bancare, \u00eenregistr\u0103ri \u0219i copii ale coresponden\u021bei (inclusiv adrese de e-mail), \u00een cazul \u00een care ne contacta\u021bi \u0219i accesa\u021bi online serviciile societatii IBS CREDIT MANAGEMENT SRL<\/li>\n<\/ul>\n<p class=\"p1\"><b>Detalii de utilizare, adrese IP, cookie-uri \u0219i alte tehnologii<\/b><\/p>\n<ul class=\"ul1\">\n<li class=\"li3\"><b>Detalii de utilizare \u0219i adrese IP. <\/b>Putem colecta informa\u021bii statistice cu privire la echipamentele, ac\u021biunile \u0219i tiparele de navigare ale utilizatorilor Site-ului nostru. Aceste informa\u021bii deriv\u0103 din vizita \u0219i navigarea dumneavoastr\u0103 pe Site. Informa\u021biile pot include, de exemplu:\n<ul class=\"ul1\">\n<li class=\"li3\">trafic, date privind jurnale \u0219i alte date de comunicare;<\/li>\n<li class=\"li3\">informa\u021bii cu privire la resursele pe care le accesa\u021bi;<\/li>\n<li class=\"li3\">informa\u021bii cu privire la computerul \u0219i conexiunea dumneavoastr\u0103 la internet (de exemplu, inclusiv adresa dumneavoastr\u0103 IP, sistemul de operare \u0219i tipul de browser), pentru administrarea sistemului.<\/li>\n<\/ul>\n<\/li>\n<li class=\"li3\"><b>Cookies.\u00a0<\/b>Putem ob\u021bine informa\u021bii referitoare la utilizarea general\u0103 a internetului de c\u0103tre dumneavoastr\u0103 utiliz\u00e2nd cookie-uri. Un cookie este un mic fi\u0219ier stocat pe hard drive-ul computerului dumneavoastr\u0103. Utilizarea cookie-urilor ne ajut\u0103 s\u0103 ne \u00eembun\u0103t\u0103\u021bim Site-ul \u0219i s\u0103 oferim un serviciu mai bun \u0219i mai personalizat, ceea ce ne permite s\u0103:<\/li>\n<\/ul>\n<ul class=\"ul1\">\n<li class=\"li3\">estim\u0103m dimensiunea publicului \u0219i tiparele de utilizare;<\/li>\n<li class=\"li3\">stoc\u0103m informa\u021bii referitoare la preferin\u021bele dumneavoastr\u0103, ceea ce ne permite s\u0103 ne personaliz\u0103m Site-ul \u00een conformitate cu interesele dumneavoastr\u0103 individuale;<\/li>\n<li class=\"li3\">s\u0103 v\u0103 recunoa\u0219tem atunci c\u00e2nd reveni\u021bi pe Site-ul nostru.<\/li>\n<\/ul>\n<p class=\"p1\">Pute\u021bi refuza s\u0103 accepta\u021bi cookie-uri prin activarea set\u0103rii corespunz\u0103toare de pe browserul dumneavoastr\u0103. Dac\u0103 selecta\u021bi aceast\u0103 setare, este posibil s\u0103 nu ave\u021bi acces la anumite p\u0103r\u021bi ale Site-ului nostru. Dac\u0103 nu a\u021bi ajustat setarea browserului dumneavoastr\u0103 astfel \u00eenc\u00e2t s\u0103 refuze cookie-urile, sistemul dumneavoastr\u0103 va continua s\u0103 accepte cookie-uri atunci c\u00e2nd v\u0103 direc\u021biona\u021bi browserul c\u0103tre Site-ul nostru. V\u0103 rug\u0103m s\u0103 v\u0103 documentati \u00een continuare cu aspectele precizate la\u00a0Politica de utilizare Cookies. <i>Cookies use policy.<\/i><\/p>\n<ul class=\"ul1\">\n<li class=\"li2\"><b>Beacon-uri web. <\/b>Unele pagini ale Site-ului pot con\u021bine imagini electronice cunoscute drept beacon-uri web (denumite \u0219i gif-uri cu un singur pixel). Beacon-urile web permit firmei s\u0103 colecteze anumite informa\u021bii \u00een leg\u0103tur\u0103 cu utilizatorii Site-ului, inclusiv, de exemplu, num\u0103rul de utilizatori care acceseaz\u0103 fiecare pagina web, date privind traficul, date privind jurnale \u0219i alte date de comunicare, informa\u021bii \u00een leg\u0103tura cu accesul la resurse \u0219i informa\u021bii referitoare la computerul \u0219i conexiunea la internet a utilizatorului (inclusiv adrese IP, sisteme de operare \u0219i tipul de browser). Beacon-urile web nu sunt utilizate pentru a v\u0103 accesa informa\u021biile cu caracter personal de pe Site, ci sunt utilizate doar pentru a compila statistici agregate privind utilizarea Site-ului \u0219i pentru a verifica integritatea sistemului \u0219i a serverului.<\/li>\n<\/ul>\n<p class=\"p1\"><b>Utilizarea informa\u021biilor <\/b><\/p>\n<p class=\"p1\">Utiliz\u0103m informa\u021biile pe care le colect\u0103m despre dumneavoastr\u0103 sau pe care ni le furniza\u021bi dumneavoastr\u0103, inclusiv date cu caracter personal, \u00een urm\u0103toarele scopuri:<\/p>\n<ul class=\"ul1\">\n<li class=\"li3\">pentru a ne prezenta Site-ul \u0219i con\u021binutul acestuia \u00eentr-un mod adecvat \u0219i eficient pentru dumneavoastr\u0103 \u0219i computerul dumneavoastr\u0103;<\/li>\n<li class=\"li3\">pentru a v\u0103 furniza informa\u021biile pe care ni le solicita\u021bi;<\/li>\n<li class=\"li3\">pentru a v\u0103 informa despre noile noastre servicii \u0219i produse, sau despre modific\u0103rile aduse acestora, inclusiv direct marketing;<\/li>\n<li class=\"li3\">compilarea de statistici privind utilizatorii;<\/li>\n<li class=\"li2\">securitatea \u0219i \u00eembun\u0103t\u0103\u021birea Site-ului nostru.<\/li>\n<\/ul>\n<p class=\"p1\"><b>Divulgarea informa\u021biilor dumneavoastr\u0103 <\/b><\/p>\n<p class=\"p1\">Putem divulga informa\u021biile cu caracter personal pe care le ob\u021binem prin intermediul acestui Site c\u0103tre ter\u021bi pentru:<\/p>\n<ul class=\"ul1\">\n<li class=\"li3\">a respecta o hot\u0103r\u00e2re judec\u0103toreasc\u0103 sau alt\u0103 obliga\u021bie legal\u0103;<\/li>\n<li class=\"li3\">a executa un contract, cerere sau a aplica condi\u021biile noastre de utilizare \u0219i alte acorduri;<\/li>\n<li class=\"li2\">a proteja drepturile \u0219i bunurile firmei \u0219i a afilia\u021bilor acesteia. Aceasta include schimbul de informa\u021bii \u00een scopul protej\u0103rii \u00eempotriva fraudei \u0219i al reducerii riscului de frauda.<\/li>\n<\/ul>\n<p class=\"p1\"><b>Drepturile de care beneficia\u021bi \u00een leg\u0103tura cu procesarea datelor dumneavoastr\u0103 cu caracter personal prevazute de lege, sunt urm\u0103toarele:<\/b><\/p>\n<ul class=\"ul1\">\n<li class=\"li3\">posibilitatea s\u0103 ob\u021bine\u021bi de la societate, la cerere \u0219i \u00een mod gratuit, confirmarea ca datele dumneavoastr\u0103 cu caracter personal sunt procesate de c\u0103tre noi, precum \u0219i detalii \u00een leg\u0103tur\u0103 cu aceast\u0103 procesare. Cererea poate fi depus\u0103 f\u0103r\u0103 niciun cost doar o dat\u0103 pe an;<\/li>\n<li class=\"li3\">dreptul de a rectifica, actualiza, bloca sau de a transforma in date anonime datele a caror prelucrare nu este conforma legii, in special datele incomplete sau inexacte;<\/li>\n<li class=\"li3\">dreptul de a v\u0103 opune \u00een orice moment, din motive \u00eentemeiate \u0219i legitime legate de situa\u021bia dumneavoastr\u0103 particular\u0103, la prelucrarea datelor dumneavoastr\u0103 cu caracter personal;<\/li>\n<li class=\"li3\">dreptul de a v\u0103 opune \u00een mod gratuit \u0219i f\u0103r\u0103 nicio justificare la procesarea datelor dumneavoastra cu caracter personal pentru marketing direct, \u00een numele operatorului de date sau \u00een numele unui ter\u021b sau s\u0103 dezv\u0103luim datele dumneavoastr\u0103 \u00een acest scop;<\/li>\n<li class=\"li3\">dreptul de a contesta deciziile luate exclusiv pe baza unor prelucr\u0103ri de date efectuate prin mijloace automatizate \u0219i care produc consecin\u021be juridice \u00een ceea ce v\u0103 prive\u0219te.<\/li>\n<\/ul>\n<p class=\"p1\">Pentru a v\u0103 exercita aceste drepturi, pute\u021bi depune o cerere, semnat\u0103 \u0219i datat\u0103 la urm\u0103toarea adres\u0103 de e-mail: <b>office@ibsprofessional.ro<\/b><\/p>\n<ul class=\"ul1\">\n<li class=\"li3\">dreptul de a formula o plangere la ANSPDCP, in situatia in care apreciati ca societatea v-a afectat drepturile prevazute de lege.<\/li>\n<li class=\"li2\">dreptul de a va adresa justitiei, in situatia in care apreciati ca societatea v-a incalcat drepturile prevazute de lege.<\/li>\n<\/ul>\n<p class=\"p1\"><b>Durata stoc\u0103rii<\/b><\/p>\n<p class=\"p1\">Vom p\u0103stra datele dumneavoastr\u0103 cu caracter personal pentru o perioad\u0103 de timp necesar\u0103 pentru scopurile indicate \u00een sec\u021biunea<i>\u201eUtilizarea informa\u021biilor\u201d,<\/i>dar nu mai mult de 2 ani. Dup\u0103 ce datele nu vor mai fi necesare pentru aceste scopuri, urmeaz\u0103 a fi:<\/p>\n<ul class=\"ul1\">\n<li class=\"li3\">distruse;<\/li>\n<li class=\"li3\">transferate c\u0103tre un alt operator de date cu caracter personal, sub condi\u021bia ca datele cu caracter personal s\u0103 fie prelucrate \u00een limite \u0219i scopuri similare cu cele agreate ini\u021bial sau<\/li>\n<li class=\"li2\">transformate \u00een date anonime \u0219i p\u0103strate exclusiv pentru scopuri statistice, de cercetare istoric\u0103 sau \u0219tiin\u021bific\u0103.<\/li>\n<\/ul>\n<p class=\"p1\"><b>Modific\u0103ri aduse Politicii noastre de confiden\u021bialitate<\/b><\/p>\n<p class=\"p2\">Politica noastr\u0103 este s\u0103 post\u0103m orice modific\u0103ri pe care le aducem Politicii de confiden\u021bialitate pe aceast\u0103 pagin\u0103. Data ultimei revizuiri a Politicii de confiden\u021bialitate este men\u021bionat\u0103 \u00een partea de sus a paginii. \u00cen m\u0103sura \u00een care vom aduce modific\u0103ri semnificative acestei Politici de confiden\u021bialitate, \u00een special cu privire la prelucrarea datelor dumneavoastr\u0103 cu caracter personal, v\u0103 vom solicita s\u0103 re\u00eennoi\u021bi acordul cu privire la prezentele Condi\u021bii de utilizare, \u00eenainte ca aceste modific\u0103ri s\u0103 se aplice efectiv.<\/p>\n<p class=\"p1\"><b>Sesiz\u0103ri cu privire la Confiden\u021bialitate<\/b><\/p>\n<p class=\"p2\">\u00cen m\u0103sura \u00een care ave\u021bi orice \u00eengrijorare cu privire la confiden\u021bialitatea datelor dumneavoastr\u0103 cu caracter personal pe care le proces\u0103m, sau dori\u021bi s\u0103 efectua\u021bi o reclama\u021bie legat\u0103 de confiden\u021bialitate, v\u0103 rug\u0103m s\u0103 ne transmite\u021bi un e-mail la adresa\u00a0<b>office@ibsprofessional.ro<\/b> V\u0103 vom contacta pentru a confirma primirea e-mailului dumneavoastr\u0103. Dup\u0103 primirea e-mailului dumneavoastr\u0103, vom investiga \u00eengrijorarea sau reclama\u021bia transmis\u0103 \u0219i vom depune toate eforturile s\u0103 v\u0103 furniz\u0103m r\u0103spunsul nostru \u00eentr-o durat\u0103 de timp rezonabil\u0103.<\/p>\n<p class=\"p1\"><b>Date de contact<\/b><\/p>\n<p class=\"p1\">Pentru a transmite \u00eentreb\u0103ri sau comentarii legate de Politica de confiden\u021bialitate \u0219i practicile noastre de confiden\u021bialitate, v\u0103 rug\u0103m s\u0103 ne contacta\u021bi la email <b>office@ibsprofessional.ro<\/b><\/p>\t\t\t\t\t\t\t\t<\/div>\n\t\t\t\t<\/div>\n\t\t\t\t\t<\/div>\n\t\t<\/div>\n\t\t\t\t\t<\/div>\n\t\t<\/section>\n\t\t\t\t<\/div>","protected":false},"excerpt":{"rendered":"<p>Privacy policy Introduction IBS CREDIT MANAGEMENT SRL is recorded with the Trade Registry under no. J40\/1764\/2024 and it operates based on the laws of Romania, under VAT number RO 49492658, with registered offices in Bucharest, no. 40-44 Banul Antonache street, 1st floor, District 1, it maintains privacy of data provided by target individuals and it [&hellip;]<\/p>","protected":false},"author":1,"featured_media":0,"parent":0,"menu_order":0,"comment_status":"closed","ping_status":"closed","template":"","meta":{"_acf_changed":false,"footnotes":""},"class_list":["post-744","page","type-page","status-publish","hentry"],"acf":[],"_links":{"self":[{"href":"https:\/\/ibsdebtrecovery.ro\/ro\/wp-json\/wp\/v2\/pages\/744","targetHints":{"allow":["GET"]}}],"collection":[{"href":"https:\/\/ibsdebtrecovery.ro\/ro\/wp-json\/wp\/v2\/pages"}],"about":[{"href":"https:\/\/ibsdebtrecovery.ro\/ro\/wp-json\/wp\/v2\/types\/page"}],"author":[{"embeddable":true,"href":"https:\/\/ibsdebtrecovery.ro\/ro\/wp-json\/wp\/v2\/users\/1"}],"replies":[{"embeddable":true,"href":"https:\/\/ibsdebtrecovery.ro\/ro\/wp-json\/wp\/v2\/comments?post=744"}],"version-history":[{"count":4,"href":"https:\/\/ibsdebtrecovery.ro\/ro\/wp-json\/wp\/v2\/pages\/744\/revisions"}],"predecessor-version":[{"id":749,"href":"https:\/\/ibsdebtrecovery.ro\/ro\/wp-json\/wp\/v2\/pages\/744\/revisions\/749"}],"wp:attachment":[{"href":"https:\/\/ibsdebtrecovery.ro\/ro\/wp-json\/wp\/v2\/media?parent=744"}],"curies":[{"name":"wp","href":"https:\/\/api.w.org\/{rel}","templated":true}]}}