{"id":942,"date":"2025-03-11T08:28:05","date_gmt":"2025-03-11T08:28:05","guid":{"rendered":"https:\/\/ibsdebtrecovery.ro\/?page_id=942"},"modified":"2025-03-11T08:28:47","modified_gmt":"2025-03-11T08:28:47","slug":"blog","status":"publish","type":"page","link":"https:\/\/ibsdebtrecovery.ro\/ro\/blog\/","title":{"rendered":"Blog"},"content":{"rendered":"<div data-elementor-type=\"wp-page\" data-elementor-id=\"942\" class=\"elementor elementor-942\">\n\t\t\t\t\t\t<section class=\"elementor-section elementor-top-section elementor-element elementor-element-1c6ec84 elementor-section-content-middle elementor-section-boxed elementor-section-height-default elementor-section-height-default e-parent\" data-id=\"1c6ec84\" data-element_type=\"section\" data-settings=\"{&quot;background_background&quot;:&quot;classic&quot;}\">\n\t\t\t\t\t\t\t<div class=\"elementor-background-overlay\"><\/div>\n\t\t\t\t\t\t\t<div class=\"elementor-container elementor-column-gap-no\">\n\t\t\t\t\t<div class=\"elementor-column elementor-col-100 elementor-top-column elementor-element elementor-element-0fa12e1 lakit-col-width-auto-no\" data-id=\"0fa12e1\" data-element_type=\"column\">\n\t\t\t<div class=\"elementor-widget-wrap elementor-element-populated\">\n\t\t\t\t\t\t<div class=\"elementor-element elementor-element-d808819 elementor-widget elementor-widget-heading\" data-id=\"d808819\" data-element_type=\"widget\" data-widget_type=\"heading.default\">\n\t\t\t\t<div class=\"elementor-widget-container\">\n\t\t\t\t\t<h1 class=\"elementor-heading-title elementor-size-default\">Blog<\/h1>\t\t\t\t<\/div>\n\t\t\t\t<\/div>\n\t\t\t\t\t<\/div>\n\t\t<\/div>\n\t\t\t\t\t<\/div>\n\t\t<\/section>\n\t\t\t\t<section class=\"elementor-section elementor-top-section elementor-element elementor-element-2619a7e elementor-section-boxed elementor-section-height-default elementor-section-height-default e-parent\" data-id=\"2619a7e\" data-element_type=\"section\">\n\t\t\t\t\t\t<div class=\"elementor-container elementor-column-gap-default\">\n\t\t\t\t\t<div class=\"elementor-column elementor-col-100 elementor-top-column elementor-element elementor-element-566dfd5 lakit-col-width-auto-no\" data-id=\"566dfd5\" data-element_type=\"column\">\n\t\t\t<div class=\"elementor-widget-wrap elementor-element-populated\">\n\t\t\t\t\t\t<div class=\"elementor-element elementor-element-15985c0 elementor-grid-3 elementor-grid-tablet-2 elementor-grid-mobile-1 elementor-posts--thumbnail-top elementor-card-shadow-yes elementor-posts__hover-gradient elementor-widget elementor-widget-posts\" data-id=\"15985c0\" data-element_type=\"widget\" data-settings=\"{&quot;cards_columns&quot;:&quot;3&quot;,&quot;cards_columns_tablet&quot;:&quot;2&quot;,&quot;cards_columns_mobile&quot;:&quot;1&quot;,&quot;cards_row_gap&quot;:{&quot;unit&quot;:&quot;px&quot;,&quot;size&quot;:35,&quot;sizes&quot;:[]},&quot;cards_row_gap_tablet&quot;:{&quot;unit&quot;:&quot;px&quot;,&quot;size&quot;:&quot;&quot;,&quot;sizes&quot;:[]},&quot;cards_row_gap_mobile&quot;:{&quot;unit&quot;:&quot;px&quot;,&quot;size&quot;:&quot;&quot;,&quot;sizes&quot;:[]}}\" data-widget_type=\"posts.cards\">\n\t\t\t\t<div class=\"elementor-widget-container\">\n\t\t\t\t\t\t\t<div class=\"elementor-posts-container elementor-posts elementor-posts--skin-cards elementor-grid\">\n\t\t\t\t<article class=\"elementor-post elementor-grid-item post-1146 post type-post status-publish format-standard has-post-thumbnail hentry category-uncategorized\">\n\t\t\t<div class=\"elementor-post__card\">\n\t\t\t\t<a class=\"elementor-post__thumbnail__link\" href=\"https:\/\/ibsdebtrecovery.ro\/ro\/new-rules-for-online-merchants-regarding-the-right-of-withdrawal\/\" ><div class=\"elementor-post__thumbnail\"><img fetchpriority=\"high\" decoding=\"async\" width=\"300\" height=\"234\" src=\"https:\/\/ibsdebtrecovery.ro\/wp-content\/uploads\/2026\/04\/Untitled-1600-x-1250-px-1-300x234.png\" class=\"attachment-medium size-medium wp-image-1148\" alt=\"\" srcset=\"https:\/\/ibsdebtrecovery.ro\/wp-content\/uploads\/2026\/04\/Untitled-1600-x-1250-px-1-300x234.png 300w, https:\/\/ibsdebtrecovery.ro\/wp-content\/uploads\/2026\/04\/Untitled-1600-x-1250-px-1-1024x800.png 1024w, https:\/\/ibsdebtrecovery.ro\/wp-content\/uploads\/2026\/04\/Untitled-1600-x-1250-px-1-768x600.png 768w, https:\/\/ibsdebtrecovery.ro\/wp-content\/uploads\/2026\/04\/Untitled-1600-x-1250-px-1-1536x1200.png 1536w, https:\/\/ibsdebtrecovery.ro\/wp-content\/uploads\/2026\/04\/Untitled-1600-x-1250-px-1-15x12.png 15w, https:\/\/ibsdebtrecovery.ro\/wp-content\/uploads\/2026\/04\/Untitled-1600-x-1250-px-1.png 1600w\" sizes=\"(max-width: 300px) 100vw, 300px\" \/><\/div><\/a>\n\t\t\t\t<div class=\"elementor-post__text\">\n\t\t\t\t<h3 class=\"elementor-post__title\">\n\t\t\t<a href=\"https:\/\/ibsdebtrecovery.ro\/ro\/new-rules-for-online-merchants-regarding-the-right-of-withdrawal\/\" >\n\t\t\t\tNOI REGULI PENTRU COMERCIANTII ONLINE PRIVIND DREPTUL DE RETRAGERE\t\t\t<\/a>\n\t\t<\/h3>\n\t\t\t\t\t<a class=\"elementor-post__read-more\" href=\"https:\/\/ibsdebtrecovery.ro\/ro\/new-rules-for-online-merchants-regarding-the-right-of-withdrawal\/\" >\n\t\t\t\tCite\u0219te mai departe\t\t\t<\/a>\n\t\t\t\t<\/div>\n\t\t\t\t\t<\/div>\n\t\t<\/article>\n\t\t\t\t<article class=\"elementor-post elementor-grid-item post-1139 post type-post status-publish format-standard has-post-thumbnail hentry category-uncategorized\">\n\t\t\t<div class=\"elementor-post__card\">\n\t\t\t\t<a class=\"elementor-post__thumbnail__link\" href=\"https:\/\/ibsdebtrecovery.ro\/ro\/how-to-recover-receivables-without-losing-the-client\/\" ><div class=\"elementor-post__thumbnail\"><img decoding=\"async\" width=\"200\" height=\"300\" src=\"https:\/\/ibsdebtrecovery.ro\/wp-content\/uploads\/2026\/04\/poza-1-200x300.jpg\" class=\"attachment-medium size-medium wp-image-1143\" alt=\"\" srcset=\"https:\/\/ibsdebtrecovery.ro\/wp-content\/uploads\/2026\/04\/poza-1-200x300.jpg 200w, https:\/\/ibsdebtrecovery.ro\/wp-content\/uploads\/2026\/04\/poza-1-683x1024.jpg 683w, https:\/\/ibsdebtrecovery.ro\/wp-content\/uploads\/2026\/04\/poza-1-8x12.jpg 8w, https:\/\/ibsdebtrecovery.ro\/wp-content\/uploads\/2026\/04\/poza-1.jpg 750w\" sizes=\"(max-width: 200px) 100vw, 200px\" \/><\/div><\/a>\n\t\t\t\t<div class=\"elementor-post__text\">\n\t\t\t\t<h3 class=\"elementor-post__title\">\n\t\t\t<a href=\"https:\/\/ibsdebtrecovery.ro\/ro\/how-to-recover-receivables-without-losing-the-client\/\" >\n\t\t\t\tCum recuperezi crean\u021bele f\u0103r\u0103 s\u0103 pierzi clientul\t\t\t<\/a>\n\t\t<\/h3>\n\t\t\t\t\t<a class=\"elementor-post__read-more\" href=\"https:\/\/ibsdebtrecovery.ro\/ro\/how-to-recover-receivables-without-losing-the-client\/\" >\n\t\t\t\tCite\u0219te mai departe\t\t\t<\/a>\n\t\t\t\t<\/div>\n\t\t\t\t\t<\/div>\n\t\t<\/article>\n\t\t\t\t<article class=\"elementor-post elementor-grid-item post-1133 post type-post status-publish format-standard has-post-thumbnail hentry category-uncategorized\">\n\t\t\t<div class=\"elementor-post__card\">\n\t\t\t\t<a class=\"elementor-post__thumbnail__link\" href=\"https:\/\/ibsdebtrecovery.ro\/ro\/amicable-recovery-vs-court-proceedings-which-is-the-more-efficient-solution-for-debt-collection\/\" ><div class=\"elementor-post__thumbnail\"><img decoding=\"async\" width=\"300\" height=\"234\" src=\"https:\/\/ibsdebtrecovery.ro\/wp-content\/uploads\/2026\/03\/Untitled-design-5-300x234.png\" class=\"attachment-medium size-medium wp-image-1134\" alt=\"\" srcset=\"https:\/\/ibsdebtrecovery.ro\/wp-content\/uploads\/2026\/03\/Untitled-design-5-300x234.png 300w, https:\/\/ibsdebtrecovery.ro\/wp-content\/uploads\/2026\/03\/Untitled-design-5-1024x800.png 1024w, https:\/\/ibsdebtrecovery.ro\/wp-content\/uploads\/2026\/03\/Untitled-design-5-768x600.png 768w, https:\/\/ibsdebtrecovery.ro\/wp-content\/uploads\/2026\/03\/Untitled-design-5-1536x1200.png 1536w, https:\/\/ibsdebtrecovery.ro\/wp-content\/uploads\/2026\/03\/Untitled-design-5-15x12.png 15w, https:\/\/ibsdebtrecovery.ro\/wp-content\/uploads\/2026\/03\/Untitled-design-5.png 1600w\" sizes=\"(max-width: 300px) 100vw, 300px\" \/><\/div><\/a>\n\t\t\t\t<div class=\"elementor-post__text\">\n\t\t\t\t<h3 class=\"elementor-post__title\">\n\t\t\t<a href=\"https:\/\/ibsdebtrecovery.ro\/ro\/amicable-recovery-vs-court-proceedings-which-is-the-more-efficient-solution-for-debt-collection\/\" >\n\t\t\t\tRecuperarea amiabila vs proces in instan\u021b\u0103: care este solu\u021bia mai eficienta pentru recuperarea crean\u021belor?\t\t\t<\/a>\n\t\t<\/h3>\n\t\t\t\t\t<a class=\"elementor-post__read-more\" href=\"https:\/\/ibsdebtrecovery.ro\/ro\/amicable-recovery-vs-court-proceedings-which-is-the-more-efficient-solution-for-debt-collection\/\" >\n\t\t\t\tCite\u0219te mai departe\t\t\t<\/a>\n\t\t\t\t<\/div>\n\t\t\t\t\t<\/div>\n\t\t<\/article>\n\t\t\t\t<article class=\"elementor-post elementor-grid-item post-1127 post type-post status-publish format-standard has-post-thumbnail hentry category-uncategorized\">\n\t\t\t<div class=\"elementor-post__card\">\n\t\t\t\t<a class=\"elementor-post__thumbnail__link\" href=\"https:\/\/ibsdebtrecovery.ro\/ro\/geo-no-6-2026-fund-for-the-payment-of-salary-claims\/\" ><div class=\"elementor-post__thumbnail\"><img loading=\"lazy\" decoding=\"async\" width=\"300\" height=\"234\" src=\"https:\/\/ibsdebtrecovery.ro\/wp-content\/uploads\/2026\/02\/Untitled-design-4-300x234.png\" class=\"attachment-medium size-medium wp-image-1128\" alt=\"\" srcset=\"https:\/\/ibsdebtrecovery.ro\/wp-content\/uploads\/2026\/02\/Untitled-design-4-300x234.png 300w, https:\/\/ibsdebtrecovery.ro\/wp-content\/uploads\/2026\/02\/Untitled-design-4-1024x800.png 1024w, https:\/\/ibsdebtrecovery.ro\/wp-content\/uploads\/2026\/02\/Untitled-design-4-768x600.png 768w, https:\/\/ibsdebtrecovery.ro\/wp-content\/uploads\/2026\/02\/Untitled-design-4-1536x1200.png 1536w, https:\/\/ibsdebtrecovery.ro\/wp-content\/uploads\/2026\/02\/Untitled-design-4-15x12.png 15w, https:\/\/ibsdebtrecovery.ro\/wp-content\/uploads\/2026\/02\/Untitled-design-4.png 1600w\" sizes=\"(max-width: 300px) 100vw, 300px\" \/><\/div><\/a>\n\t\t\t\t<div class=\"elementor-post__text\">\n\t\t\t\t<h3 class=\"elementor-post__title\">\n\t\t\t<a href=\"https:\/\/ibsdebtrecovery.ro\/ro\/geo-no-6-2026-fund-for-the-payment-of-salary-claims\/\" >\n\t\t\t\tOUG nr. 6\/2026 - Fondul de garantare pentru plata crean\u021belor salariale\t\t\t<\/a>\n\t\t<\/h3>\n\t\t\t\t\t<a class=\"elementor-post__read-more\" href=\"https:\/\/ibsdebtrecovery.ro\/ro\/geo-no-6-2026-fund-for-the-payment-of-salary-claims\/\" >\n\t\t\t\tCite\u0219te mai departe\t\t\t<\/a>\n\t\t\t\t<\/div>\n\t\t\t\t\t<\/div>\n\t\t<\/article>\n\t\t\t\t<article class=\"elementor-post elementor-grid-item post-1122 post type-post status-publish format-standard has-post-thumbnail hentry category-uncategorized\">\n\t\t\t<div class=\"elementor-post__card\">\n\t\t\t\t<a class=\"elementor-post__thumbnail__link\" href=\"https:\/\/ibsdebtrecovery.ro\/ro\/protect-your-cash-flow-at-the-beginning-of-the-year\/\" ><div class=\"elementor-post__thumbnail\"><img loading=\"lazy\" decoding=\"async\" width=\"300\" height=\"234\" src=\"https:\/\/ibsdebtrecovery.ro\/wp-content\/uploads\/2026\/01\/Untitled-design-3-300x234.png\" class=\"attachment-medium size-medium wp-image-1123\" alt=\"\" srcset=\"https:\/\/ibsdebtrecovery.ro\/wp-content\/uploads\/2026\/01\/Untitled-design-3-300x234.png 300w, https:\/\/ibsdebtrecovery.ro\/wp-content\/uploads\/2026\/01\/Untitled-design-3-1024x800.png 1024w, https:\/\/ibsdebtrecovery.ro\/wp-content\/uploads\/2026\/01\/Untitled-design-3-768x600.png 768w, https:\/\/ibsdebtrecovery.ro\/wp-content\/uploads\/2026\/01\/Untitled-design-3-1536x1200.png 1536w, https:\/\/ibsdebtrecovery.ro\/wp-content\/uploads\/2026\/01\/Untitled-design-3-15x12.png 15w, https:\/\/ibsdebtrecovery.ro\/wp-content\/uploads\/2026\/01\/Untitled-design-3.png 1600w\" sizes=\"(max-width: 300px) 100vw, 300px\" \/><\/div><\/a>\n\t\t\t\t<div class=\"elementor-post__text\">\n\t\t\t\t<h3 class=\"elementor-post__title\">\n\t\t\t<a href=\"https:\/\/ibsdebtrecovery.ro\/ro\/protect-your-cash-flow-at-the-beginning-of-the-year\/\" >\n\t\t\t\tProtejeaza-ti cash-flow-ul la inceput de an\t\t\t<\/a>\n\t\t<\/h3>\n\t\t\t\t\t<a class=\"elementor-post__read-more\" href=\"https:\/\/ibsdebtrecovery.ro\/ro\/protect-your-cash-flow-at-the-beginning-of-the-year\/\" >\n\t\t\t\tCite\u0219te mai departe\t\t\t<\/a>\n\t\t\t\t<\/div>\n\t\t\t\t\t<\/div>\n\t\t<\/article>\n\t\t\t\t<article class=\"elementor-post elementor-grid-item post-1110 post type-post status-publish format-standard has-post-thumbnail hentry category-uncategorized\">\n\t\t\t<div class=\"elementor-post__card\">\n\t\t\t\t<a class=\"elementor-post__thumbnail__link\" href=\"https:\/\/ibsdebtrecovery.ro\/ro\/law-no-207-2025-nordis-law-key-implications-for-real-estate-buyers-and-investors\/\" ><div class=\"elementor-post__thumbnail\"><img loading=\"lazy\" decoding=\"async\" width=\"300\" height=\"234\" src=\"https:\/\/ibsdebtrecovery.ro\/wp-content\/uploads\/2025\/12\/Untitled-design-2-300x234.png\" class=\"attachment-medium size-medium wp-image-1111\" alt=\"\" srcset=\"https:\/\/ibsdebtrecovery.ro\/wp-content\/uploads\/2025\/12\/Untitled-design-2-300x234.png 300w, https:\/\/ibsdebtrecovery.ro\/wp-content\/uploads\/2025\/12\/Untitled-design-2-1024x800.png 1024w, https:\/\/ibsdebtrecovery.ro\/wp-content\/uploads\/2025\/12\/Untitled-design-2-768x600.png 768w, https:\/\/ibsdebtrecovery.ro\/wp-content\/uploads\/2025\/12\/Untitled-design-2-1536x1200.png 1536w, https:\/\/ibsdebtrecovery.ro\/wp-content\/uploads\/2025\/12\/Untitled-design-2-15x12.png 15w, https:\/\/ibsdebtrecovery.ro\/wp-content\/uploads\/2025\/12\/Untitled-design-2.png 1600w\" sizes=\"(max-width: 300px) 100vw, 300px\" \/><\/div><\/a>\n\t\t\t\t<div class=\"elementor-post__text\">\n\t\t\t\t<h3 class=\"elementor-post__title\">\n\t\t\t<a href=\"https:\/\/ibsdebtrecovery.ro\/ro\/law-no-207-2025-nordis-law-key-implications-for-real-estate-buyers-and-investors\/\" >\n\t\t\t\tLegea nr. 207\/2025 (\u201eLegea Nordis\u201d) \u2013 Implicatii esentiale pentru cumparatori si investitori imobiliari\t\t\t<\/a>\n\t\t<\/h3>\n\t\t\t\t\t<a class=\"elementor-post__read-more\" href=\"https:\/\/ibsdebtrecovery.ro\/ro\/law-no-207-2025-nordis-law-key-implications-for-real-estate-buyers-and-investors\/\" >\n\t\t\t\tCite\u0219te mai departe\t\t\t<\/a>\n\t\t\t\t<\/div>\n\t\t\t\t\t<\/div>\n\t\t<\/article>\n\t\t\t\t<\/div>\n\n\n\t\t\n\t\t\t\t\t\t<\/div>\n\t\t\t\t<\/div>\n\t\t\t\t\t<\/div>\n\t\t<\/div>\n\t\t\t\t\t<\/div>\n\t\t<\/section>\n\t\t\t\t<\/div>","protected":false},"excerpt":{"rendered":"<p>Blog<\/p>","protected":false},"author":1,"featured_media":0,"parent":0,"menu_order":0,"comment_status":"closed","ping_status":"closed","template":"elementor_header_footer","meta":{"_acf_changed":false,"footnotes":""},"class_list":["post-942","page","type-page","status-publish","hentry"],"acf":[],"_links":{"self":[{"href":"https:\/\/ibsdebtrecovery.ro\/ro\/wp-json\/wp\/v2\/pages\/942","targetHints":{"allow":["GET"]}}],"collection":[{"href":"https:\/\/ibsdebtrecovery.ro\/ro\/wp-json\/wp\/v2\/pages"}],"about":[{"href":"https:\/\/ibsdebtrecovery.ro\/ro\/wp-json\/wp\/v2\/types\/page"}],"author":[{"embeddable":true,"href":"https:\/\/ibsdebtrecovery.ro\/ro\/wp-json\/wp\/v2\/users\/1"}],"replies":[{"embeddable":true,"href":"https:\/\/ibsdebtrecovery.ro\/ro\/wp-json\/wp\/v2\/comments?post=942"}],"version-history":[{"count":4,"href":"https:\/\/ibsdebtrecovery.ro\/ro\/wp-json\/wp\/v2\/pages\/942\/revisions"}],"predecessor-version":[{"id":946,"href":"https:\/\/ibsdebtrecovery.ro\/ro\/wp-json\/wp\/v2\/pages\/942\/revisions\/946"}],"wp:attachment":[{"href":"https:\/\/ibsdebtrecovery.ro\/ro\/wp-json\/wp\/v2\/media?parent=942"}],"curies":[{"name":"wp","href":"https:\/\/api.w.org\/{rel}","templated":true}]}}